{"id":3077,"date":"2025-08-22T20:20:27","date_gmt":"2025-08-22T18:20:27","guid":{"rendered":"https:\/\/eventlikeme.com\/?page_id=3077"},"modified":"2025-08-23T17:45:42","modified_gmt":"2025-08-23T15:45:42","slug":"flash-party-photobooth-classique","status":"publish","type":"page","link":"https:\/\/eventlikeme.com\/index.php\/flash-party-photobooth-classique\/","title":{"rendered":"Flash Party &#8211; Photobooth classique"},"content":{"rendered":"\t\t<div data-elementor-type=\"wp-page\" data-elementor-id=\"3077\" class=\"elementor elementor-3077\">\n\t\t\t\t<div class=\"elementor-element elementor-element-c734b92 e-con-full e-flex wpr-particle-no wpr-jarallax-no wpr-parallax-no wpr-sticky-section-no e-con e-parent\" data-id=\"c734b92\" data-element_type=\"container\" data-settings=\"{&quot;background_background&quot;:&quot;classic&quot;}\">\n\t\t<div class=\"elementor-element elementor-element-d31df48 e-con-full e-flex wpr-particle-no wpr-jarallax-no wpr-parallax-no wpr-sticky-section-no e-con e-child\" data-id=\"d31df48\" data-element_type=\"container\">\n\t\t\t\t<div class=\"elementor-element elementor-element-98d849e elementor-widget elementor-widget-image\" data-id=\"98d849e\" data-element_type=\"widget\" data-widget_type=\"image.default\">\n\t\t\t\t<div class=\"elementor-widget-container\">\n\t\t\t<style>\/*! elementor - v3.22.0 - 26-06-2024 *\/\n.elementor-widget-image{text-align:center}.elementor-widget-image a{display:inline-block}.elementor-widget-image a img[src$=\".svg\"]{width:48px}.elementor-widget-image img{vertical-align:middle;display:inline-block}<\/style>\t\t\t\t\t\t\t\t\t\t<img fetchpriority=\"high\" decoding=\"async\" width=\"880\" height=\"947\" src=\"https:\/\/eventlikeme.com\/wp-content\/uploads\/2025\/08\/Classique-01.png\" class=\"attachment-full size-full wp-image-3136\" alt=\"\" srcset=\"https:\/\/eventlikeme.com\/wp-content\/uploads\/2025\/08\/Classique-01.png 880w, https:\/\/eventlikeme.com\/wp-content\/uploads\/2025\/08\/Classique-01-279x300.png 279w, https:\/\/eventlikeme.com\/wp-content\/uploads\/2025\/08\/Classique-01-768x826.png 768w\" sizes=\"(max-width: 880px) 100vw, 880px\" \/>\t\t\t\t\t\t\t\t\t\t\t\t\t<\/div>\n\t\t\t\t<\/div>\n\t\t\t\t<\/div>\n\t\t<div class=\"elementor-element elementor-element-287eae2 e-con-full e-flex wpr-particle-no wpr-jarallax-no wpr-parallax-no wpr-sticky-section-no e-con e-child\" data-id=\"287eae2\" data-element_type=\"container\">\n\t\t\t\t<div class=\"elementor-element elementor-element-5686c77 elementor-widget elementor-widget-heading\" data-id=\"5686c77\" data-element_type=\"widget\" data-widget_type=\"heading.default\">\n\t\t\t\t<div class=\"elementor-widget-container\">\n\t\t\t<style>\/*! elementor - v3.22.0 - 26-06-2024 *\/\n.elementor-heading-title{padding:0;margin:0;line-height:1}.elementor-widget-heading .elementor-heading-title[class*=elementor-size-]>a{color:inherit;font-size:inherit;line-height:inherit}.elementor-widget-heading .elementor-heading-title.elementor-size-small{font-size:15px}.elementor-widget-heading .elementor-heading-title.elementor-size-medium{font-size:19px}.elementor-widget-heading .elementor-heading-title.elementor-size-large{font-size:29px}.elementor-widget-heading .elementor-heading-title.elementor-size-xl{font-size:39px}.elementor-widget-heading .elementor-heading-title.elementor-size-xxl{font-size:59px}<\/style><h1 class=\"elementor-heading-title elementor-size-default\">Flash Party - Photobooth Classique\n<\/h1>\t\t<\/div>\n\t\t\t\t<\/div>\n\t\t\t\t<div class=\"elementor-element elementor-element-9c945f5 elementor-widget elementor-widget-heading\" data-id=\"9c945f5\" data-element_type=\"widget\" data-widget_type=\"heading.default\">\n\t\t\t\t<div class=\"elementor-widget-container\">\n\t\t\t<h5 class=\"elementor-heading-title elementor-size-default\">\u00e0 partir de 195 \u20ac<\/h5>\t\t<\/div>\n\t\t\t\t<\/div>\n\t\t\t\t<div class=\"elementor-element elementor-element-59617145 elementor-widget elementor-widget-heading\" data-id=\"59617145\" data-element_type=\"widget\" data-widget_type=\"heading.default\">\n\t\t\t\t<div class=\"elementor-widget-container\">\n\t\t\t<h5 class=\"elementor-heading-title elementor-size-default\">Faites briller vos f\u00eates avec Flash Party.<\/h5>\t\t<\/div>\n\t\t\t\t<\/div>\n\t\t\t\t<div class=\"elementor-element elementor-element-1bc18be3 elementor-widget elementor-widget-text-editor\" data-id=\"1bc18be3\" data-element_type=\"widget\" data-widget_type=\"text-editor.default\">\n\t\t\t\t<div class=\"elementor-widget-container\">\n\t\t\t<style>\/*! elementor - v3.22.0 - 26-06-2024 *\/\n.elementor-widget-text-editor.elementor-drop-cap-view-stacked .elementor-drop-cap{background-color:#69727d;color:#fff}.elementor-widget-text-editor.elementor-drop-cap-view-framed .elementor-drop-cap{color:#69727d;border:3px solid;background-color:transparent}.elementor-widget-text-editor:not(.elementor-drop-cap-view-default) .elementor-drop-cap{margin-top:8px}.elementor-widget-text-editor:not(.elementor-drop-cap-view-default) .elementor-drop-cap-letter{width:1em;height:1em}.elementor-widget-text-editor .elementor-drop-cap{float:left;text-align:center;line-height:1;font-size:50px}.elementor-widget-text-editor .elementor-drop-cap-letter{display:inline-block}<\/style>\t\t\t\t<p style=\"text-align: left;\">Notre borne photo classique au look intemporel ! <br \/>Con\u00e7ue pour capturer l&rsquo;essence de chaque moment festif, Flash Party est l&rsquo;animateur parfait pour vos soir\u00e9es. <br \/>Simple d&rsquo;utilisation et toujours pr\u00eate \u00e0 immortaliser vos souvenirs, elle apportera une touche de fun et de spontan\u00e9it\u00e9 \u00e0 tous vos \u00e9v\u00e9nements.<\/p>\t\t\t\t\t\t<\/div>\n\t\t\t\t<\/div>\n\t\t\t\t<div class=\"elementor-element elementor-element-2067901 wpr-button-icon-style-inline wpr-button-icon-position-right elementor-invisible elementor-widget elementor-widget-wpr-button\" data-id=\"2067901\" data-element_type=\"widget\" data-settings=\"{&quot;_animation&quot;:&quot;slideInLeft&quot;,&quot;_animation_delay&quot;:200}\" data-widget_type=\"wpr-button.default\">\n\t\t\t\t<div class=\"elementor-widget-container\">\n\t\t\t\t\n\t\t\t\n\t\t\n\t\t<div class=\"wpr-button-wrap elementor-clearfix\">\n\t\t<a class=\"wpr-button wpr-button-effect elementor-animation-grow\" data-text=\"Go\" href=\"https:\/\/eventlikeme.com\/index.php\/tarifs\/\" target=\"_blank\">\n\t\t\t\n\t\t\t<span class=\"wpr-button-content\">\n\t\t\t\t\t\t\t\t\t<span class=\"wpr-button-text\">Je r\u00e9serve maintenant<\/span>\n\t\t\t\t\t\t\t\t\n\t\t\t\t\t\t\t\t\t<span class=\"wpr-button-icon\"><svg class=\"e-font-icon-svg e-far-calendar-check\" viewBox=\"0 0 448 512\" xmlns=\"http:\/\/www.w3.org\/2000\/svg\"><path d=\"M400 64h-48V12c0-6.627-5.373-12-12-12h-40c-6.627 0-12 5.373-12 12v52H160V12c0-6.627-5.373-12-12-12h-40c-6.627 0-12 5.373-12 12v52H48C21.49 64 0 85.49 0 112v352c0 26.51 21.49 48 48 48h352c26.51 0 48-21.49 48-48V112c0-26.51-21.49-48-48-48zm-6 400H54a6 6 0 0 1-6-6V160h352v298a6 6 0 0 1-6 6zm-52.849-200.65L198.842 404.519c-4.705 4.667-12.303 4.637-16.971-.068l-75.091-75.699c-4.667-4.705-4.637-12.303.068-16.971l22.719-22.536c4.705-4.667 12.303-4.637 16.97.069l44.104 44.461 111.072-110.181c4.705-4.667 12.303-4.637 16.971.068l22.536 22.718c4.667 4.705 4.636 12.303-.069 16.97z\"><\/path><\/svg><\/span>\n\t\t\t\t\t\t\t<\/span>\n\t\t<\/a>\n\n\t\t\t\t<\/div>\n\t\n\t\n\t\t\t<\/div>\n\t\t\t\t<\/div>\n\t\t\t\t<\/div>\n\t\t\t\t<\/div>\n\t\t\t\t<\/div>\n\t\t","protected":false},"excerpt":{"rendered":"<p>Flash Party &#8211; Photobooth Classique \u00e0 partir de 195 \u20ac Faites briller vos f\u00eates avec Flash Party. Notre borne photo classique au look intemporel ! Con\u00e7ue pour capturer l&rsquo;essence de chaque moment festif, Flash Party est l&rsquo;animateur parfait pour vos soir\u00e9es. Simple d&rsquo;utilisation et toujours pr\u00eate \u00e0 immortaliser vos souvenirs, elle apportera une touche de fun et de spontan\u00e9it\u00e9 \u00e0 tous vos \u00e9v\u00e9nements. Je r\u00e9serve maintenant<\/p>\n","protected":false},"author":1,"featured_media":0,"parent":0,"menu_order":0,"comment_status":"closed","ping_status":"closed","template":"","meta":{"footnotes":""},"class_list":["post-3077","page","type-page","status-publish","hentry"],"acf":[],"_links":{"self":[{"href":"https:\/\/eventlikeme.com\/index.php\/wp-json\/wp\/v2\/pages\/3077","targetHints":{"allow":["GET"]}}],"collection":[{"href":"https:\/\/eventlikeme.com\/index.php\/wp-json\/wp\/v2\/pages"}],"about":[{"href":"https:\/\/eventlikeme.com\/index.php\/wp-json\/wp\/v2\/types\/page"}],"author":[{"embeddable":true,"href":"https:\/\/eventlikeme.com\/index.php\/wp-json\/wp\/v2\/users\/1"}],"replies":[{"embeddable":true,"href":"https:\/\/eventlikeme.com\/index.php\/wp-json\/wp\/v2\/comments?post=3077"}],"version-history":[{"count":91,"href":"https:\/\/eventlikeme.com\/index.php\/wp-json\/wp\/v2\/pages\/3077\/revisions"}],"predecessor-version":[{"id":3175,"href":"https:\/\/eventlikeme.com\/index.php\/wp-json\/wp\/v2\/pages\/3077\/revisions\/3175"}],"wp:attachment":[{"href":"https:\/\/eventlikeme.com\/index.php\/wp-json\/wp\/v2\/media?parent=3077"}],"curies":[{"name":"wp","href":"https:\/\/api.w.org\/{rel}","templated":true}]}}