{"id":2224,"date":"2025-06-21T12:03:49","date_gmt":"2025-06-21T10:03:49","guid":{"rendered":"https:\/\/eventlikeme.com\/?page_id=2224"},"modified":"2025-09-28T20:24:50","modified_gmt":"2025-09-28T18:24:50","slug":"derriere-event-like-me","status":"publish","type":"page","link":"https:\/\/eventlikeme.com\/index.php\/derriere-event-like-me\/","title":{"rendered":"Les coulisses"},"content":{"rendered":"\t\t<div data-elementor-type=\"wp-page\" data-elementor-id=\"2224\" class=\"elementor elementor-2224\">\n\t\t\t\t<div class=\"elementor-element elementor-element-565a109 e-flex e-con-boxed wpr-particle-no wpr-jarallax-no wpr-parallax-no wpr-sticky-section-no e-con e-parent\" data-id=\"565a109\" data-element_type=\"container\">\n\t\t\t\t\t<div class=\"e-con-inner\">\n\t\t\t\t<div class=\"elementor-element elementor-element-4506cbe elementor-widget elementor-widget-heading\" data-id=\"4506cbe\" data-element_type=\"widget\" data-widget_type=\"heading.default\">\n\t\t\t\t<div class=\"elementor-widget-container\">\n\t\t\t<style>\/*! elementor - v3.22.0 - 26-06-2024 *\/\n.elementor-heading-title{padding:0;margin:0;line-height:1}.elementor-widget-heading .elementor-heading-title[class*=elementor-size-]>a{color:inherit;font-size:inherit;line-height:inherit}.elementor-widget-heading .elementor-heading-title.elementor-size-small{font-size:15px}.elementor-widget-heading .elementor-heading-title.elementor-size-medium{font-size:19px}.elementor-widget-heading .elementor-heading-title.elementor-size-large{font-size:29px}.elementor-widget-heading .elementor-heading-title.elementor-size-xl{font-size:39px}.elementor-widget-heading .elementor-heading-title.elementor-size-xxl{font-size:59px}<\/style><h6 class=\"elementor-heading-title elementor-size-default\">\u00c0 propos de Event Like Me<\/h6>\t\t<\/div>\n\t\t\t\t<\/div>\n\t\t\t\t<div class=\"elementor-element elementor-element-2f0e571 elementor-widget elementor-widget-heading\" data-id=\"2f0e571\" data-element_type=\"widget\" data-widget_type=\"heading.default\">\n\t\t\t\t<div class=\"elementor-widget-container\">\n\t\t\t<h3 class=\"elementor-heading-title elementor-size-default\">Cr\u00e9er des souvenirs, c\u2019est notre mission.<\/h3>\t\t<\/div>\n\t\t\t\t<\/div>\n\t\t<div class=\"elementor-element elementor-element-520a71d e-con-full e-flex wpr-particle-no wpr-jarallax-no wpr-parallax-no wpr-sticky-section-no e-con e-child\" data-id=\"520a71d\" data-element_type=\"container\">\n\t\t<div class=\"elementor-element elementor-element-4fd7567 e-grid e-con-full wpr-particle-no wpr-jarallax-no wpr-parallax-no wpr-sticky-section-no e-con e-child\" data-id=\"4fd7567\" data-element_type=\"container\">\n\t\t\t\t<div class=\"elementor-element elementor-element-ab96cb1 elementor-widget elementor-widget-text-editor\" data-id=\"ab96cb1\" data-element_type=\"widget\" data-widget_type=\"text-editor.default\">\n\t\t\t\t<div class=\"elementor-widget-container\">\n\t\t\t<style>\/*! elementor - v3.22.0 - 26-06-2024 *\/\n.elementor-widget-text-editor.elementor-drop-cap-view-stacked .elementor-drop-cap{background-color:#69727d;color:#fff}.elementor-widget-text-editor.elementor-drop-cap-view-framed .elementor-drop-cap{color:#69727d;border:3px solid;background-color:transparent}.elementor-widget-text-editor:not(.elementor-drop-cap-view-default) .elementor-drop-cap{margin-top:8px}.elementor-widget-text-editor:not(.elementor-drop-cap-view-default) .elementor-drop-cap-letter{width:1em;height:1em}.elementor-widget-text-editor .elementor-drop-cap{float:left;text-align:center;line-height:1;font-size:50px}.elementor-widget-text-editor .elementor-drop-cap-letter{display:inline-block}<\/style>\t\t\t\t<p style=\"text-align: left;\" data-start=\"747\" data-end=\"1076\">Event Like Me est n\u00e9 d\u2019un amour pour les belles c\u00e9l\u00e9brations et d\u2019un constat simple : les souvenirs les plus forts sont ceux que l\u2019on partage et que l\u2019on peut revivre.<br \/><br data-start=\"914\" data-end=\"917\" \/>Nous avons voulu cr\u00e9er un service \u00e0 la fois cl\u00e9 en main, fun et esth\u00e9tique, pour que vous puissiez profiter de l\u2019instant sans vous soucier de la technique.<\/p><h3 data-start=\"1078\" data-end=\"1105\">\u00a0<\/h3>\t\t\t\t\t\t<\/div>\n\t\t\t\t<\/div>\n\t\t\t\t<div class=\"elementor-element elementor-element-c527e3b elementor-widget elementor-widget-image\" data-id=\"c527e3b\" data-element_type=\"widget\" data-widget_type=\"image.default\">\n\t\t\t\t<div class=\"elementor-widget-container\">\n\t\t\t<style>\/*! elementor - v3.22.0 - 26-06-2024 *\/\n.elementor-widget-image{text-align:center}.elementor-widget-image a{display:inline-block}.elementor-widget-image a img[src$=\".svg\"]{width:48px}.elementor-widget-image img{vertical-align:middle;display:inline-block}<\/style>\t\t\t\t\t\t\t\t\t\t<img fetchpriority=\"high\" decoding=\"async\" width=\"960\" height=\"758\" src=\"https:\/\/eventlikeme.com\/wp-content\/uploads\/2025\/07\/fille-aux-cheveux-longs-avec-skateboard-photographiant-a-la-camera-rue-sports-actifs-01-1024x809.png\" class=\"attachment-large size-large wp-image-2705\" alt=\"\" srcset=\"https:\/\/eventlikeme.com\/wp-content\/uploads\/2025\/07\/fille-aux-cheveux-longs-avec-skateboard-photographiant-a-la-camera-rue-sports-actifs-01-1024x809.png 1024w, https:\/\/eventlikeme.com\/wp-content\/uploads\/2025\/07\/fille-aux-cheveux-longs-avec-skateboard-photographiant-a-la-camera-rue-sports-actifs-01-300x237.png 300w, https:\/\/eventlikeme.com\/wp-content\/uploads\/2025\/07\/fille-aux-cheveux-longs-avec-skateboard-photographiant-a-la-camera-rue-sports-actifs-01-768x607.png 768w, https:\/\/eventlikeme.com\/wp-content\/uploads\/2025\/07\/fille-aux-cheveux-longs-avec-skateboard-photographiant-a-la-camera-rue-sports-actifs-01-1536x1213.png 1536w, https:\/\/eventlikeme.com\/wp-content\/uploads\/2025\/07\/fille-aux-cheveux-longs-avec-skateboard-photographiant-a-la-camera-rue-sports-actifs-01-2048x1618.png 2048w\" sizes=\"(max-width: 960px) 100vw, 960px\" \/>\t\t\t\t\t\t\t\t\t\t\t\t\t<\/div>\n\t\t\t\t<\/div>\n\t\t\t\t<\/div>\n\t\t<div class=\"elementor-element elementor-element-2a078e8 e-grid e-con-full wpr-particle-no wpr-jarallax-no wpr-parallax-no wpr-sticky-section-no e-con e-child\" data-id=\"2a078e8\" data-element_type=\"container\">\n\t\t\t\t<div class=\"elementor-element elementor-element-0476ea3 elementor-widget-divider--view-line elementor-widget elementor-widget-divider\" data-id=\"0476ea3\" data-element_type=\"widget\" data-widget_type=\"divider.default\">\n\t\t\t\t<div class=\"elementor-widget-container\">\n\t\t\t<style>\/*! elementor - v3.22.0 - 26-06-2024 *\/\n.elementor-widget-divider{--divider-border-style:none;--divider-border-width:1px;--divider-color:#0c0d0e;--divider-icon-size:20px;--divider-element-spacing:10px;--divider-pattern-height:24px;--divider-pattern-size:20px;--divider-pattern-url:none;--divider-pattern-repeat:repeat-x}.elementor-widget-divider .elementor-divider{display:flex}.elementor-widget-divider .elementor-divider__text{font-size:15px;line-height:1;max-width:95%}.elementor-widget-divider .elementor-divider__element{margin:0 var(--divider-element-spacing);flex-shrink:0}.elementor-widget-divider .elementor-icon{font-size:var(--divider-icon-size)}.elementor-widget-divider .elementor-divider-separator{display:flex;margin:0;direction:ltr}.elementor-widget-divider--view-line_icon .elementor-divider-separator,.elementor-widget-divider--view-line_text .elementor-divider-separator{align-items:center}.elementor-widget-divider--view-line_icon .elementor-divider-separator:after,.elementor-widget-divider--view-line_icon .elementor-divider-separator:before,.elementor-widget-divider--view-line_text .elementor-divider-separator:after,.elementor-widget-divider--view-line_text .elementor-divider-separator:before{display:block;content:\"\";border-block-end:0;flex-grow:1;border-block-start:var(--divider-border-width) var(--divider-border-style) var(--divider-color)}.elementor-widget-divider--element-align-left .elementor-divider .elementor-divider-separator>.elementor-divider__svg:first-of-type{flex-grow:0;flex-shrink:100}.elementor-widget-divider--element-align-left .elementor-divider-separator:before{content:none}.elementor-widget-divider--element-align-left .elementor-divider__element{margin-left:0}.elementor-widget-divider--element-align-right .elementor-divider .elementor-divider-separator>.elementor-divider__svg:last-of-type{flex-grow:0;flex-shrink:100}.elementor-widget-divider--element-align-right .elementor-divider-separator:after{content:none}.elementor-widget-divider--element-align-right .elementor-divider__element{margin-right:0}.elementor-widget-divider--element-align-start .elementor-divider .elementor-divider-separator>.elementor-divider__svg:first-of-type{flex-grow:0;flex-shrink:100}.elementor-widget-divider--element-align-start .elementor-divider-separator:before{content:none}.elementor-widget-divider--element-align-start .elementor-divider__element{margin-inline-start:0}.elementor-widget-divider--element-align-end .elementor-divider .elementor-divider-separator>.elementor-divider__svg:last-of-type{flex-grow:0;flex-shrink:100}.elementor-widget-divider--element-align-end .elementor-divider-separator:after{content:none}.elementor-widget-divider--element-align-end .elementor-divider__element{margin-inline-end:0}.elementor-widget-divider:not(.elementor-widget-divider--view-line_text):not(.elementor-widget-divider--view-line_icon) .elementor-divider-separator{border-block-start:var(--divider-border-width) var(--divider-border-style) var(--divider-color)}.elementor-widget-divider--separator-type-pattern{--divider-border-style:none}.elementor-widget-divider--separator-type-pattern.elementor-widget-divider--view-line .elementor-divider-separator,.elementor-widget-divider--separator-type-pattern:not(.elementor-widget-divider--view-line) .elementor-divider-separator:after,.elementor-widget-divider--separator-type-pattern:not(.elementor-widget-divider--view-line) .elementor-divider-separator:before,.elementor-widget-divider--separator-type-pattern:not([class*=elementor-widget-divider--view]) .elementor-divider-separator{width:100%;min-height:var(--divider-pattern-height);-webkit-mask-size:var(--divider-pattern-size) 100%;mask-size:var(--divider-pattern-size) 100%;-webkit-mask-repeat:var(--divider-pattern-repeat);mask-repeat:var(--divider-pattern-repeat);background-color:var(--divider-color);-webkit-mask-image:var(--divider-pattern-url);mask-image:var(--divider-pattern-url)}.elementor-widget-divider--no-spacing{--divider-pattern-size:auto}.elementor-widget-divider--bg-round{--divider-pattern-repeat:round}.rtl .elementor-widget-divider .elementor-divider__text{direction:rtl}.e-con-inner>.elementor-widget-divider,.e-con>.elementor-widget-divider{width:var(--container-widget-width,100%);--flex-grow:var(--container-widget-flex-grow)}<\/style>\t\t<div class=\"elementor-divider\">\n\t\t\t<span class=\"elementor-divider-separator\">\n\t\t\t\t\t\t<\/span>\n\t\t<\/div>\n\t\t\t\t<\/div>\n\t\t\t\t<\/div>\n\t\t\t\t<div class=\"elementor-element elementor-element-4ded752 elementor-widget elementor-widget-text-editor\" data-id=\"4ded752\" data-element_type=\"widget\" data-widget_type=\"text-editor.default\">\n\t\t\t\t<div class=\"elementor-widget-container\">\n\t\t\t\t\t\t\t<h3 data-start=\"1370\" data-end=\"1408\">Pourquoi choisir Event Like Me ?<\/h3><p data-start=\"1409\" data-end=\"1595\">Parce que vos souvenirs m\u00e9ritent mieux qu\u2019un simple selfie.<br data-start=\"1468\" data-end=\"1471\" \/>Nous mettons tout notre c\u0153ur et notre savoir-faire pour vous offrir une animation photo\u00a0<strong data-start=\"1559\" data-end=\"1594\">styl\u00e9e, conviviale et m\u00e9morable<\/strong>.<\/p>\t\t\t\t\t\t<\/div>\n\t\t\t\t<\/div>\n\t\t\t\t<\/div>\n\t\t\t\t<\/div>\n\t\t\t\t<div class=\"elementor-element elementor-element-eb37106 elementor-widget elementor-widget-text-editor\" data-id=\"eb37106\" data-element_type=\"widget\" data-widget_type=\"text-editor.default\">\n\t\t\t\t<div class=\"elementor-widget-container\">\n\t\t\t\t\t\t\t<p><strong data-start=\"270\" data-end=\"315\">Cr\u00e9er des souvenirs, c\u2019est notre mission.<\/strong><br data-start=\"315\" data-end=\"318\" \/>Chez <em data-start=\"323\" data-end=\"338\">Event Like Me<\/em>, chaque \u00e9v\u00e9nement m\u00e9rite d\u2019\u00eatre inoubliable. C\u2019est pourquoi nous proposons \u00e0 la location des bornes photo modernes et \u00e9l\u00e9gantes, accompagn\u00e9es de d\u00e9cors sur-mesure pour sublimer vos moments les plus pr\u00e9cieux.<\/p><p data-start=\"548\" data-end=\"724\">\ud83c\udf89 <strong data-start=\"551\" data-end=\"618\">Anniversaires, baby showers, mariages, EVJF, soir\u00e9es priv\u00e9es&#8230;<\/strong><br data-start=\"618\" data-end=\"621\" \/>Nos services s\u2019adaptent \u00e0 tous vos \u00e9v\u00e9nements pour leur donner une touche unique, originale et festive.<\/p><h3 data-start=\"726\" data-end=\"746\">Notre histoire<\/h3><p data-start=\"747\" data-end=\"1076\">Event Like Me est n\u00e9 d\u2019un amour pour les belles c\u00e9l\u00e9brations et d\u2019un constat simple : les souvenirs les plus forts sont ceux que l\u2019on partage et que l\u2019on peut revivre.<br data-start=\"914\" data-end=\"917\" \/>Nous avons voulu cr\u00e9er un service \u00e0 la fois <strong data-start=\"961\" data-end=\"995\">cl\u00e9 en main, fun et esth\u00e9tique<\/strong>, pour que vous puissiez profiter de l\u2019instant sans vous soucier de la technique.<\/p><h3 data-start=\"1078\" data-end=\"1105\">Ce qui nous distingue<\/h3><p data-start=\"1106\" data-end=\"1368\">\u2728 Une exp\u00e9rience 100% personnalis\u00e9e : du d\u00e9cor au design de l\u2019interface de la borne.<br data-start=\"1190\" data-end=\"1193\" \/>\ud83d\udcf8 Du mat\u00e9riel de qualit\u00e9, simple \u00e0 utiliser, livr\u00e9 et install\u00e9 par nos soins.<br data-start=\"1271\" data-end=\"1274\" \/>\ud83d\udcac Un accompagnement humain, chaleureux et r\u00e9actif, avant, pendant et apr\u00e8s votre \u00e9v\u00e9nement.<\/p><h3 data-start=\"1370\" data-end=\"1408\">Pourquoi choisir Event Like Me ?<\/h3><p data-start=\"1409\" data-end=\"1595\">Parce que vos souvenirs m\u00e9ritent mieux qu\u2019un simple selfie.<br data-start=\"1468\" data-end=\"1471\" \/>Nous mettons tout notre c\u0153ur et notre savoir-faire pour vous offrir une animation photo <strong data-start=\"1559\" data-end=\"1594\">styl\u00e9e, conviviale et m\u00e9morable<\/strong>.<\/p>\t\t\t\t\t\t<\/div>\n\t\t\t\t<\/div>\n\t\t<div class=\"elementor-element elementor-element-4b6b418 e-grid e-con-full wpr-particle-no wpr-jarallax-no wpr-parallax-no wpr-sticky-section-no e-con e-child\" data-id=\"4b6b418\" data-element_type=\"container\">\n\t\t\t\t<div class=\"elementor-element elementor-element-869dca1 elementor-widget elementor-widget-text-editor\" data-id=\"869dca1\" data-element_type=\"widget\" data-widget_type=\"text-editor.default\">\n\t\t\t\t<div class=\"elementor-widget-container\">\n\t\t\t\t\t\t\t<h3 data-start=\"177\" data-end=\"214\">L&rsquo;histoire derri\u00e8re Event Like Me<\/h3><p data-start=\"216\" data-end=\"504\">Je ne sais pas vous, mais moi\u2026 je prends des photos <strong data-start=\"268\" data-end=\"285\">tout le temps<\/strong>.<br data-start=\"286\" data-end=\"289\" \/>Les anniversaires, les d\u00eeners entre amis, les moments du quotidien, les regards complices, les fous rires vol\u00e9s&#8230; Je d\u00e9gaine mon t\u00e9l\u00e9phone sans pr\u00e9venir, presque discr\u00e8tement, pour ne pas casser la magie du moment.<\/p><p data-start=\"506\" data-end=\"686\">Et un jour, j\u2019ai eu une id\u00e9e :<br data-start=\"536\" data-end=\"539\" \/><strong data-start=\"539\" data-end=\"584\">Cr\u00e9er un album photo d\u2019une ann\u00e9e enti\u00e8re.<\/strong><br data-start=\"584\" data-end=\"587\" \/>Des petits bouts de vie rassembl\u00e9s, imprim\u00e9s, mis en page avec soin. Je l\u2019ai offert \u00e0 ma famille.<\/p><p data-start=\"688\" data-end=\"1041\">La premi\u00e8re r\u00e9action ? Une <strong data-start=\"715\" data-end=\"734\">\u00e9motion immense<\/strong>, des larmes, des sourires, des \u00ab\u00a0tu te souviens de \u00e7a ?\u00a0\u00bb.<br data-start=\"791\" data-end=\"794\" \/>Et juste apr\u00e8s, une question qui m\u2019a fait sourire :<br data-start=\"845\" data-end=\"848\" \/><strong data-start=\"848\" data-end=\"895\">\u00ab\u00a0Mais comment tu as eu toutes ces photos ?\u00a0\u00bb<\/strong><br data-start=\"895\" data-end=\"898\" \/>Je les avais prises, tout simplement. Discr\u00e8tement, dans l\u2019ombre, sans qu\u2019on y pr\u00eate attention. Parce que pour moi, chaque petit moment compte.<\/p><p data-start=\"1043\" data-end=\"1362\">Et c\u2019est l\u00e0 que tout a fait sens.<br data-start=\"1076\" data-end=\"1079\" \/>C\u2019est \u00e7a que je voulais offrir aux autres : <strong data-start=\"1123\" data-end=\"1168\">la magie de revivre les instants pr\u00e9cieux<\/strong>, sans avoir \u00e0 y penser sur le moment.<br data-start=\"1206\" data-end=\"1209\" \/>Aujourd\u2019hui, c\u2019est ce que font nos machines photo.<br data-start=\"1259\" data-end=\"1262\" \/>Elles s\u2019installent sans s\u2019imposer, <strong data-start=\"1297\" data-end=\"1361\">ne prennent pas de place mais gardent des souvenirs immenses<\/strong>.<\/p><p data-start=\"1364\" data-end=\"1660\">C\u2019est comme \u00e7a qu\u2019est n\u00e9 <strong data-start=\"1389\" data-end=\"1406\">Event Like Me<\/strong> :<br data-start=\"1408\" data-end=\"1411\" \/>Pour que vous puissiez vivre vos moments \u00e0 fond, pendant qu\u2019on s\u2019occupe d\u2019en garder la trace.<br data-start=\"1504\" data-end=\"1507\" \/>Des photos que l\u2019on imprime, que l\u2019on partage, que l\u2019on regarde encore et encore\u2026<br data-start=\"1588\" data-end=\"1591\" \/>Parce que le bonheur, c\u2019est encore meilleur quand on peut le revivre.<\/p>\t\t\t\t\t\t<\/div>\n\t\t\t\t<\/div>\n\t\t\t\t<\/div>\n\t\t\t\t\t<\/div>\n\t\t\t\t<\/div>\n\t\t<div class=\"elementor-element elementor-element-19c9632 e-flex e-con-boxed wpr-particle-no wpr-jarallax-no wpr-parallax-no wpr-sticky-section-no e-con e-parent\" data-id=\"19c9632\" data-element_type=\"container\">\n\t\t\t\t\t<div class=\"e-con-inner\">\n\t\t\t\t\t<\/div>\n\t\t\t\t<\/div>\n\t\t\t\t<\/div>\n\t\t","protected":false},"excerpt":{"rendered":"<p>\u00c0 propos de Event Like Me Cr\u00e9er des souvenirs, c\u2019est notre mission. Event Like Me est n\u00e9 d\u2019un amour pour les belles c\u00e9l\u00e9brations et d\u2019un constat simple : les souvenirs les plus forts sont ceux que l\u2019on partage et que l\u2019on peut revivre.Nous avons voulu cr\u00e9er un service \u00e0 la fois cl\u00e9 en main, fun et esth\u00e9tique, pour que vous puissiez profiter de l\u2019instant sans vous soucier de la technique. \u00a0 Pourquoi choisir Event Like Me ? Parce que vos souvenirs m\u00e9ritent mieux qu\u2019un simple selfie.Nous mettons tout notre c\u0153ur et notre savoir-faire pour vous offrir une animation photo\u00a0styl\u00e9e, conviviale et m\u00e9morable. Cr\u00e9er des souvenirs, c\u2019est notre mission.Chez Event Like Me, chaque \u00e9v\u00e9nement m\u00e9rite d\u2019\u00eatre inoubliable. C\u2019est pourquoi nous proposons \u00e0 la location des bornes photo modernes et \u00e9l\u00e9gantes, accompagn\u00e9es de d\u00e9cors sur-mesure pour sublimer vos moments les plus pr\u00e9cieux. \ud83c\udf89 Anniversaires, baby showers, mariages, EVJF, soir\u00e9es priv\u00e9es&#8230;Nos services s\u2019adaptent \u00e0 tous vos \u00e9v\u00e9nements pour leur donner une touche unique, originale et festive. Notre histoire Event Like Me est n\u00e9 d\u2019un amour pour les belles c\u00e9l\u00e9brations et d\u2019un constat simple : les souvenirs les plus forts sont ceux que l\u2019on partage et que l\u2019on peut revivre.Nous avons voulu cr\u00e9er un service \u00e0 la fois cl\u00e9 en main, fun et esth\u00e9tique, pour que vous puissiez profiter de l\u2019instant sans vous soucier de la technique. Ce qui nous distingue \u2728 Une exp\u00e9rience 100% personnalis\u00e9e : du d\u00e9cor au design de l\u2019interface de la borne.\ud83d\udcf8 Du mat\u00e9riel de qualit\u00e9, simple \u00e0 utiliser, livr\u00e9 et install\u00e9 par nos soins.\ud83d\udcac Un accompagnement humain, chaleureux et r\u00e9actif, avant, pendant et apr\u00e8s votre \u00e9v\u00e9nement. Pourquoi choisir Event Like Me ? Parce que vos souvenirs m\u00e9ritent mieux qu\u2019un simple selfie.Nous mettons tout notre c\u0153ur et notre savoir-faire pour vous offrir une animation photo styl\u00e9e, conviviale et m\u00e9morable. L&rsquo;histoire derri\u00e8re Event Like Me Je ne sais pas vous, mais moi\u2026 je prends des photos tout le temps.Les anniversaires, les d\u00eeners entre amis, les moments du quotidien, les regards complices, les fous rires vol\u00e9s&#8230; Je d\u00e9gaine mon t\u00e9l\u00e9phone sans pr\u00e9venir, presque discr\u00e8tement, pour ne pas casser la magie du moment. Et un jour, j\u2019ai eu une id\u00e9e :Cr\u00e9er un album photo d\u2019une ann\u00e9e enti\u00e8re.Des petits bouts de vie rassembl\u00e9s, imprim\u00e9s, mis en page avec soin. Je l\u2019ai offert \u00e0 ma famille. La premi\u00e8re r\u00e9action ? Une \u00e9motion immense, des larmes, des sourires, des \u00ab\u00a0tu te souviens de \u00e7a ?\u00a0\u00bb.Et juste apr\u00e8s, une question qui m\u2019a fait sourire :\u00ab\u00a0Mais comment tu as eu toutes ces photos ?\u00a0\u00bbJe les avais prises, tout simplement. Discr\u00e8tement, dans l\u2019ombre, sans qu\u2019on y pr\u00eate attention. Parce que pour moi, chaque petit moment compte. Et c\u2019est l\u00e0 que tout a fait sens.C\u2019est \u00e7a que je voulais offrir aux autres : la magie de revivre les instants pr\u00e9cieux, sans avoir \u00e0 y penser sur le moment.Aujourd\u2019hui, c\u2019est ce que font nos machines photo.Elles s\u2019installent sans s\u2019imposer, ne prennent pas de place mais gardent des souvenirs immenses. C\u2019est comme \u00e7a qu\u2019est n\u00e9 Event Like Me :Pour que vous puissiez vivre vos moments \u00e0 fond, pendant qu\u2019on s\u2019occupe d\u2019en garder la trace.Des photos que l\u2019on imprime, que l\u2019on partage, que l\u2019on regarde encore et encore\u2026Parce que le bonheur, c\u2019est encore meilleur quand on peut le revivre.<\/p>\n","protected":false},"author":1,"featured_media":0,"parent":0,"menu_order":0,"comment_status":"closed","ping_status":"closed","template":"","meta":{"footnotes":""},"class_list":["post-2224","page","type-page","status-publish","hentry"],"acf":[],"_links":{"self":[{"href":"https:\/\/eventlikeme.com\/index.php\/wp-json\/wp\/v2\/pages\/2224","targetHints":{"allow":["GET"]}}],"collection":[{"href":"https:\/\/eventlikeme.com\/index.php\/wp-json\/wp\/v2\/pages"}],"about":[{"href":"https:\/\/eventlikeme.com\/index.php\/wp-json\/wp\/v2\/types\/page"}],"author":[{"embeddable":true,"href":"https:\/\/eventlikeme.com\/index.php\/wp-json\/wp\/v2\/users\/1"}],"replies":[{"embeddable":true,"href":"https:\/\/eventlikeme.com\/index.php\/wp-json\/wp\/v2\/comments?post=2224"}],"version-history":[{"count":26,"href":"https:\/\/eventlikeme.com\/index.php\/wp-json\/wp\/v2\/pages\/2224\/revisions"}],"predecessor-version":[{"id":3315,"href":"https:\/\/eventlikeme.com\/index.php\/wp-json\/wp\/v2\/pages\/2224\/revisions\/3315"}],"wp:attachment":[{"href":"https:\/\/eventlikeme.com\/index.php\/wp-json\/wp\/v2\/media?parent=2224"}],"curies":[{"name":"wp","href":"https:\/\/api.w.org\/{rel}","templated":true}]}}